{"id":10594,"date":"2025-09-22T15:17:30","date_gmt":"2025-09-22T14:17:30","guid":{"rendered":"https:\/\/esm.tn\/?post_type=product&#038;p=10594"},"modified":"2025-11-09T06:46:33","modified_gmt":"2025-11-09T05:46:33","slug":"eau-fleurs-oranger-naturelle-240ml-parfum-meziou","status":"publish","type":"product","link":"https:\/\/esm.tn\/index.php\/product\/eau-fleurs-oranger-naturelle-240ml-parfum-meziou\/","title":{"rendered":"Eau de fleurs d&rsquo;oranger naturelle (240 ml)"},"content":{"rendered":"<div class=\"wpb-content-wrapper\"><p>[vc_row equal_height=\u00a0\u00bbyes\u00a0\u00bb content_placement=\u00a0\u00bbtop\u00a0\u00bb][vc_column css=\u00a0\u00bb.vc_custom_1635941672263{margin-bottom: 35px !important;padding-right: 30px !important;padding-bottom: 30px !important;padding-left: 30px !important;}\u00a0\u00bb offset=\u00a0\u00bbvc_col-lg-4 vc_col-md-4 vc_col-xs-12&Prime; woodmart_css_id=\u00a0\u00bb61827d190fb95&Prime; parallax_scroll=\u00a0\u00bbno\u00a0\u00bb woodmart_sticky_column=\u00a0\u00bbfalse\u00a0\u00bb wd_collapsible_content_switcher=\u00a0\u00bbno\u00a0\u00bb mobile_bg_img_hidden=\u00a0\u00bbno\u00a0\u00bb tablet_bg_img_hidden=\u00a0\u00bbno\u00a0\u00bb woodmart_parallax=\u00a0\u00bb0&Prime; woodmart_box_shadow=\u00a0\u00bbno\u00a0\u00bb mobile_reset_margin=\u00a0\u00bbno\u00a0\u00bb tablet_reset_margin=\u00a0\u00bbno\u00a0\u00bb wd_z_index=\u00a0\u00bbno\u00a0\u00bb responsive_spacing=\u00a0\u00bbeyJwYXJhbV90eXBlIjoid29vZG1hcnRfcmVzcG9uc2l2ZV9zcGFjaW5nIiwic2VsZWN0b3JfaWQiOiI2MTgyN2QxOTBmYjk1Iiwic2hvcnRjb2RlIjoidmNfY29sdW1uIiwiZGF0YSI6eyJ0YWJsZXQiOnt9LCJtb2JpbGUiOnt9fX0=\u00a0\u00bb]\n\t\t<div id=\"wd-68d15c9b48bf2\" class=\"title-wrapper wd-wpb wd-set-mb reset-last-child  wd-rs-68d15c9b48bf2 wd-title-color-default wd-title-style-default text-left  wd-underline-colored\">\n\t\t\t\n\t\t\t<div class=\"liner-continer\">\n\t\t\t\t<h4 class=\"woodmart-title-container title  wd-font-weight- wd-fontsize-l\" >Eau de Fleurs d'Oranger Naturelle Parfum Meziou - 240 ml (Qualit\u00e9 Sup\u00e9rieure)<\/h4>\n\t\t\t\t\t\t\t<\/div>\n\t\t\t\n\t\t\t\n\t\t\t\n\t\t<\/div>\n\t\t\n\t\t\t\t<div id=\"wd-68d15cac1466c\" class=\"wd-text-block wd-wpb reset-last-child wd-rs-68d15cac1466c text-left vc_custom_1758551216602\">\n\t\t\t<ul class=\"unordered-list\">\n<li>Plongez au c\u0153ur de la tradition tunisienne avec notre <b>Eau de Fleurs d&rsquo;Oranger Naturelle Parfum Meziou<\/b>. Produite avec un savoir-faire artisanal transmis de g\u00e9n\u00e9ration en g\u00e9n\u00e9ration, chaque goutte de cette eau florale est une essence pure des c\u00e9l\u00e8bres fleurs d&rsquo;oranger du Cap Bon, r\u00e9put\u00e9es pour leur qualit\u00e9 exceptionnelle et leur parfum in\u00e9gal\u00e9.<b>Un Tr\u00e9sor de Bienfaits Naturels :<\/b>\n<ul>\n<li><b>En Cuisine :<\/b> Sublimez vos p\u00e2tisseries orientales, cr\u00eapes, boissons et desserts avec une touche florale d\u00e9licate et authentique. Un ingr\u00e9dient indispensable pour des saveurs traditionnelles.<\/li>\n<li><b>En Cosm\u00e9tique :<\/b> Appliquez-la sur votre peau comme tonique doux. Elle apaise, rafra\u00eechit, resserre les pores et illumine le teint. Id\u00e9ale pour les peaux sensibles ou mixtes.<\/li>\n<li><b>En Bien-\u00eatre :<\/b> Quelques gouttes dans votre bain pour un moment de relaxation, ou vaporis\u00e9e dans l&rsquo;air pour cr\u00e9er une ambiance douce et apaisante chez vous.<\/li>\n<\/ul>\n<p><b>Notre Engagement Qualit\u00e9 :<\/b> Chez Parfum Meziou, nous garantissons une eau florale 100% naturelle, sans additifs ni conservateurs, obtenue par une distillation traditionnelle respectueuse de la fleur. C&rsquo;est l&rsquo;assurance d&rsquo;un produit d&rsquo;une puret\u00e9 et d&rsquo;une authenticit\u00e9 incomparables.<\/p>\n<p><b>Caract\u00e9ristiques :<\/b><\/p>\n<ul>\n<li><b>Volume :<\/b> 240 ml<\/li>\n<li><b>Origine :<\/b> Fleurs d&rsquo;Oranger du Cap Bon, Tunisie<\/li>\n<li><b>Proc\u00e9d\u00e9 :<\/b> Distillation artisanale<\/li>\n<li><b>Ingr\u00e9dients :<\/b> Eau pure de fleurs d&rsquo;oranger<\/li>\n<li><b>Utilisations :<\/b> Culinaire, cosm\u00e9tique, bien-\u00eatre<\/li>\n<li><b>Conservation :<\/b> \u00c0 conserver \u00e0 l&rsquo;abri de la lumi\u00e8re et de la chaleur pour pr\u00e9server toutes ses propri\u00e9t\u00e9s.<\/li>\n<\/ul>\n<p>Laissez-vous envo\u00fbter par le parfum d\u00e9licat et les multiples vertus de cette pr\u00e9cieuse <b>Eau de Fleurs d&rsquo;Oranger Naturelle Parfum Meziou<\/b>. Une v\u00e9ritable essence de Tunisie \u00e0 port\u00e9e de main.<\/li>\n<\/ul>\n\t\t<\/div>\n\t\t[\/vc_column][vc_column width=\u00a0\u00bb1\/2&Prime; offset=\u00a0\u00bbvc_col-lg-4 vc_col-md-4 vc_col-xs-12&Prime; woodmart_css_id=\u00a0\u00bb61827d299d642&Prime; parallax_scroll=\u00a0\u00bbno\u00a0\u00bb woodmart_sticky_column=\u00a0\u00bbfalse\u00a0\u00bb wd_collapsible_content_switcher=\u00a0\u00bbno\u00a0\u00bb mobile_bg_img_hidden=\u00a0\u00bbno\u00a0\u00bb tablet_bg_img_hidden=\u00a0\u00bbno\u00a0\u00bb woodmart_parallax=\u00a0\u00bb0&Prime; woodmart_box_shadow=\u00a0\u00bbno\u00a0\u00bb mobile_reset_margin=\u00a0\u00bbno\u00a0\u00bb tablet_reset_margin=\u00a0\u00bbno\u00a0\u00bb wd_z_index=\u00a0\u00bbno\u00a0\u00bb responsive_spacing=\u00a0\u00bbeyJwYXJhbV90eXBlIjoid29vZG1hcnRfcmVzcG9uc2l2ZV9zcGFjaW5nIiwic2VsZWN0b3JfaWQiOiI2MTgyN2QyOTlkNjQyIiwic2hvcnRjb2RlIjoidmNfY29sdW1uIiwiZGF0YSI6eyJ0YWJsZXQiOnt9LCJtb2JpbGUiOnt9fX0=\u00a0\u00bb][vc_single_image image=\u00a0\u00bb10595&Prime; img_size=\u00a0\u00bbfull\u00a0\u00bb css=\u00a0\u00bb.vc_custom_1758552481746{margin-bottom: 0px !important;}\u00a0\u00bb woodmart_inline=\u00a0\u00bbno\u00a0\u00bb parallax_scroll=\u00a0\u00bbno\u00a0\u00bb][\/vc_column][\/vc_row]<\/p>\n<\/div>","protected":false},"excerpt":{"rendered":"<p>D\u00e9couvrez l&rsquo;authenticit\u00e9 de notre Eau de Fleurs d&rsquo;Oranger naturelle Parfum Meziou. Distill\u00e9e artisanalement \u00e0 partir des fleurs d&rsquo;oranger du Cap Bon, cette eau florale pure est un tr\u00e9sor de bienfaits et une invitation au voyage sensoriel. Id\u00e9ale pour la cuisine, les soins cosm\u00e9tiques ou simplement pour rafra\u00eechir.<\/p>\n","protected":false},"featured_media":10595,"comment_status":"open","ping_status":"closed","template":"","meta":[],"product_brand":[],"product_cat":[27,83],"product_tag":[95,94,88,91,84,87,85,86,96,93,90,92,89],"class_list":{"0":"post-10594","1":"product","2":"type-product","3":"status-publish","4":"has-post-thumbnail","6":"product_cat-cosmetiques-soins","7":"product_cat-eaux-florales","8":"product_tag-bien-etre","9":"product_tag-boisson-florale","10":"product_tag-cap-bon","11":"product_tag-cosmetique-naturelle","12":"product_tag-eau-de-fleurs-doranger","13":"product_tag-eau-de-zhar","14":"product_tag-eau-florale","15":"product_tag-fleur-doranger-naturelle","16":"product_tag-parfum-meziou","17":"product_tag-patisserie-orientale","18":"product_tag-produit-artisanal","19":"product_tag-tonique-visage","20":"product_tag-tunisie","22":"first","23":"instock","24":"taxable","25":"shipping-taxable","26":"purchasable","27":"product-type-simple"},"_links":{"self":[{"href":"https:\/\/esm.tn\/index.php\/wp-json\/wp\/v2\/product\/10594","targetHints":{"allow":["GET"]}}],"collection":[{"href":"https:\/\/esm.tn\/index.php\/wp-json\/wp\/v2\/product"}],"about":[{"href":"https:\/\/esm.tn\/index.php\/wp-json\/wp\/v2\/types\/product"}],"replies":[{"embeddable":true,"href":"https:\/\/esm.tn\/index.php\/wp-json\/wp\/v2\/comments?post=10594"}],"wp:featuredmedia":[{"embeddable":true,"href":"https:\/\/esm.tn\/index.php\/wp-json\/wp\/v2\/media\/10595"}],"wp:attachment":[{"href":"https:\/\/esm.tn\/index.php\/wp-json\/wp\/v2\/media?parent=10594"}],"wp:term":[{"taxonomy":"product_brand","embeddable":true,"href":"https:\/\/esm.tn\/index.php\/wp-json\/wp\/v2\/product_brand?post=10594"},{"taxonomy":"product_cat","embeddable":true,"href":"https:\/\/esm.tn\/index.php\/wp-json\/wp\/v2\/product_cat?post=10594"},{"taxonomy":"product_tag","embeddable":true,"href":"https:\/\/esm.tn\/index.php\/wp-json\/wp\/v2\/product_tag?post=10594"}],"curies":[{"name":"wp","href":"https:\/\/api.w.org\/{rel}","templated":true}]}}